{"id":125,"date":"2022-08-10T14:55:05","date_gmt":"2022-08-10T14:55:05","guid":{"rendered":"https:\/\/colegio-betania.edu.mx\/?page_id=125"},"modified":"2022-08-29T01:53:36","modified_gmt":"2022-08-29T01:53:36","slug":"inicio","status":"publish","type":"page","link":"https:\/\/colegio-betania.edu.mx\/index.php\/inicio\/","title":{"rendered":"Inicio"},"content":{"rendered":"\n<div class=\"wp-container-3 wp-block-columns\">\n<div class=\"wp-container-1 wp-block-column\">\n<figure class=\"wp-block-image size-full\"><img loading=\"lazy\" width=\"512\" height=\"512\" src=\"https:\/\/colegio-betania.edu.mx\/wp-content\/uploads\/2022\/08\/cropped-ICONO-COLEGIO-BETANIA.jpg\" alt=\"Logo Colegia Betania\" class=\"wp-image-29\" srcset=\"https:\/\/colegio-betania.edu.mx\/wp-content\/uploads\/2022\/08\/cropped-ICONO-COLEGIO-BETANIA.jpg 512w, https:\/\/colegio-betania.edu.mx\/wp-content\/uploads\/2022\/08\/cropped-ICONO-COLEGIO-BETANIA-300x300.jpg 300w, https:\/\/colegio-betania.edu.mx\/wp-content\/uploads\/2022\/08\/cropped-ICONO-COLEGIO-BETANIA-150x150.jpg 150w, https:\/\/colegio-betania.edu.mx\/wp-content\/uploads\/2022\/08\/cropped-ICONO-COLEGIO-BETANIA-70x70.jpg 70w, https:\/\/colegio-betania.edu.mx\/wp-content\/uploads\/2022\/08\/cropped-ICONO-COLEGIO-BETANIA-246x246.jpg 246w, https:\/\/colegio-betania.edu.mx\/wp-content\/uploads\/2022\/08\/cropped-ICONO-COLEGIO-BETANIA-276x276.jpg 276w, https:\/\/colegio-betania.edu.mx\/wp-content\/uploads\/2022\/08\/cropped-ICONO-COLEGIO-BETANIA-125x125.jpg 125w\" sizes=\"(max-width: 512px) 100vw, 512px\" \/><\/figure>\n<\/div>\n\n\n\n<div class=\"wp-container-2 wp-block-column\">\n<p align=\"justify\"> <strong>Nombre de origen Hebreo, de una Aldea de Palestina, cercana a Jerusal\u00e9n, que encierra un significado de cambio, armon\u00eda, paz, fortaleza, sabidur\u00eda, servicio y resurrecci\u00f3n de vida.<\/strong> <\/p>\n\n\n\n<p align=\"justify\"> <strong>El Colegio Betania &nbsp;es un espacio dedicado a la&nbsp; educaci\u00f3n de cambio de manera armoniosa, con sabidur\u00eda y entrega en el servicio que se otorga,&nbsp; para lograr que el alumno desarrolle su&nbsp; potencial de manera integral y humana , realizando actividades &nbsp;innovadoras &nbsp;que despierten la curiosidad del ni\u00f1o, fortaleciendo sus valores universales.<\/strong> <\/p>\n\n\n\n<p><\/p>\n<\/div>\n<\/div>\n","protected":false},"excerpt":{"rendered":"<p>Nombre de origen Hebreo, de una Aldea de Palestina, cercana a Jerusal\u00e9n, que encierra un significado de cambio, armon\u00eda, paz, &hellip; <\/p>\n","protected":false},"author":1,"featured_media":0,"parent":0,"menu_order":0,"comment_status":"closed","ping_status":"closed","template":"","meta":{"om_disable_all_campaigns":false,"_monsterinsights_skip_tracking":false,"_monsterinsights_sitenote_active":false,"_monsterinsights_sitenote_note":"","_monsterinsights_sitenote_category":0},"aioseo_notices":[],"_links":{"self":[{"href":"https:\/\/colegio-betania.edu.mx\/index.php\/wp-json\/wp\/v2\/pages\/125"}],"collection":[{"href":"https:\/\/colegio-betania.edu.mx\/index.php\/wp-json\/wp\/v2\/pages"}],"about":[{"href":"https:\/\/colegio-betania.edu.mx\/index.php\/wp-json\/wp\/v2\/types\/page"}],"author":[{"embeddable":true,"href":"https:\/\/colegio-betania.edu.mx\/index.php\/wp-json\/wp\/v2\/users\/1"}],"replies":[{"embeddable":true,"href":"https:\/\/colegio-betania.edu.mx\/index.php\/wp-json\/wp\/v2\/comments?post=125"}],"version-history":[{"count":11,"href":"https:\/\/colegio-betania.edu.mx\/index.php\/wp-json\/wp\/v2\/pages\/125\/revisions"}],"predecessor-version":[{"id":194,"href":"https:\/\/colegio-betania.edu.mx\/index.php\/wp-json\/wp\/v2\/pages\/125\/revisions\/194"}],"wp:attachment":[{"href":"https:\/\/colegio-betania.edu.mx\/index.php\/wp-json\/wp\/v2\/media?parent=125"}],"curies":[{"name":"wp","href":"https:\/\/api.w.org\/{rel}","templated":true}]}}